{"id":944,"date":"2021-07-26T10:23:20","date_gmt":"2021-07-26T10:23:20","guid":{"rendered":"https:\/\/www.universitebiencommun.org\/?page_id=944"},"modified":"2021-08-06T14:43:05","modified_gmt":"2021-08-06T14:43:05","slug":"autres-interventions","status":"publish","type":"page","link":"https:\/\/www.universitebiencommun.org\/?page_id=944","title":{"rendered":"AUTRES INTERVENTIONS"},"content":{"rendered":"\t\t<div data-elementor-type=\"wp-page\" data-elementor-id=\"944\" class=\"elementor elementor-944\" data-elementor-settings=\"[]\">\n\t\t\t\t\t\t<div class=\"elementor-inner\">\n\t\t\t\t\t\t\t<div class=\"elementor-section-wrap\">\n\t\t\t\t\t\t\t<section class=\"elementor-section elementor-top-section elementor-element elementor-element-43f93b8 elementor-section-boxed elementor-section-height-default elementor-section-height-default\" data-id=\"43f93b8\" data-element_type=\"section\">\n\t\t\t\t\t\t<div class=\"elementor-container elementor-column-gap-default\">\n\t\t\t\t\t\t\t<div class=\"elementor-row\">\n\t\t\t\t\t<div class=\"elementor-column elementor-col-100 elementor-top-column elementor-element elementor-element-721092f\" data-id=\"721092f\" data-element_type=\"column\">\n\t\t\t<div class=\"elementor-column-wrap elementor-element-populated\">\n\t\t\t\t\t\t\t<div class=\"elementor-widget-wrap\">\n\t\t\t\t\t\t<div class=\"elementor-element elementor-element-9e072cf elementor-widget elementor-widget-heading\" data-id=\"9e072cf\" data-element_type=\"widget\" data-widget_type=\"heading.default\">\n\t\t\t\t<div class=\"elementor-widget-container\">\n\t\t\t<h2 class=\"elementor-heading-title elementor-size-default\">Autres interventions<br><br><\/h2>\t\t<\/div>\n\t\t\t\t<\/div>\n\t\t\t\t<div class=\"elementor-element elementor-element-503bd69 elementor-widget elementor-widget-text-editor\" data-id=\"503bd69\" data-element_type=\"widget\" data-widget_type=\"text-editor.default\">\n\t\t\t\t<div class=\"elementor-widget-container\">\n\t\t\t\t\t\t\t\t<div class=\"elementor-text-editor elementor-clearfix\">\n\t\t\t\t<p>Outre les sessions publiques qu&rsquo;elle organise l&rsquo;Universit\u00e9 est \u00e9galement invit\u00e9e \u00e0 intervenir \u00ab\u00a0hors les murs\u00a0\u00bb \u00e0 l&rsquo;invitation ou en partenariat avec d&rsquo;autres structures : Festival D\u00e9d\u00e9 fait son cin\u00e9ma, festival Auteurs en acte, Agrocit\u00e9, universit\u00e9 inter-\u00e2ges de Normandie, Attac 92., Rencontres nationales du Tiers-secteur de la recherche, Coop des Communs., \u00e9missions radio publiques au Tiers-lieu du 1 Rue de la Solidarit\u00e9&#8230;<\/p><p>\u00a0<\/p>\t\t\t\t\t<\/div>\n\t\t\t\t\t\t<\/div>\n\t\t\t\t<\/div>\n\t\t\t\t<div class=\"elementor-element elementor-element-b884007 elementor-widget elementor-widget-image\" data-id=\"b884007\" data-element_type=\"widget\" data-widget_type=\"image.default\">\n\t\t\t\t<div class=\"elementor-widget-container\">\n\t\t\t\t\t\t\t\t<div class=\"elementor-image\">\n\t\t\t\t\t\t\t\t\t\t\t\t<img width=\"424\" height=\"600\" src=\"https:\/\/www.universitebiencommun.org\/wp-content\/uploads\/2021\/07\/atac-92.jpg\" class=\"attachment-large size-large\" alt=\"\" loading=\"lazy\" srcset=\"https:\/\/www.universitebiencommun.org\/wp-content\/uploads\/2021\/07\/atac-92.jpg 424w, https:\/\/www.universitebiencommun.org\/wp-content\/uploads\/2021\/07\/atac-92-212x300.jpg 212w\" sizes=\"100vw\" \/>\t\t\t\t\t\t\t\t\t\t\t\t\t\t<\/div>\n\t\t\t\t\t\t<\/div>\n\t\t\t\t<\/div>\n\t\t\t\t<div class=\"elementor-element elementor-element-4187b1f elementor-widget elementor-widget-text-editor\" data-id=\"4187b1f\" data-element_type=\"widget\" data-widget_type=\"text-editor.default\">\n\t\t\t\t<div class=\"elementor-widget-container\">\n\t\t\t\t\t\t\t\t<div class=\"elementor-text-editor elementor-clearfix\">\n\t\t\t\t<p><\/p>\n<p><b>Mardi 15 mai 2018 &#8211; Colombes (92). A l&rsquo;invitation d&rsquo;Attac 92<\/b><\/p>\n<p>intervention\/d\u00e9bats de Yovan Gilles \u00e0 la MJC de Colombes sur les biens communs.<\/p>\n<p><\/p>\n<p><b>19 mai 2018 &#8211; Chamonix (74)<\/b><\/p>\n<p><b>Festival Chemin Faisant (5e \u00e9dition)<\/b><\/p>\n<p>Dans le cadre du festival Chemin Faisant, vernissage, pr\u00e9sentation et signatures du livre intitul\u00e9 Nos biens communs en pr\u00e9sence de certains des auteurs membres de l\u2019Universit\u00e9 du Bien Commun tels Yovan Gilles, Marc Tirel, Riccardo Petrella, Cristina Bertelli, qui sont intervenus lors des \u00e9ditions 2017 et 2018 de ce festival itin\u00e9rant en plein air d\u00e9di\u00e9 \u00e0 la philosophie et l\u2019\u00e9cologie\u2026<\/p>\n<p><blockquote class=\"wp-embedded-content\" data-secret=\"WZNGwFAEv9\"><a href=\"https:\/\/festivalcheminfaisant.com\/edition-2018-france\/\">Edition 2018  &#8211; Chamonix<\/a><\/blockquote><iframe class=\"wp-embedded-content\" sandbox=\"allow-scripts\" security=\"restricted\" style=\"position: absolute; clip: rect(1px, 1px, 1px, 1px);\" title=\"\u00ab\u00a0Edition 2018  &#8211; Chamonix\u00a0\u00bb &#8212; Festival Chemin Faisant\" src=\"https:\/\/festivalcheminfaisant.com\/edition-2018-france\/embed\/#?secret=WZNGwFAEv9\" data-secret=\"WZNGwFAEv9\" width=\"525\" height=\"296\" frameborder=\"0\" marginwidth=\"0\" marginheight=\"0\" scrolling=\"no\"><\/iframe><\/p>\n<p><\/p>\n<p><b>&nbsp;<\/b><\/p>\n<p><b>Les 8 et 9 septembre 2018 \u00e0 la Maison forte &#8211; Monbalen (47)<\/b><\/p>\n<p><b>Le tour de France des communs<\/b> \/ politiques et lieux culturel-le-s \u00e0 l\u2019aune des communs : pr\u00e9c\u00e9d\u00e9e d\u2019une rencontre interm\u00e9diaire \u00e0 Paris le 11 juin. S\u00e9minaire avec St\u00e9phanie Aubin (directrice de la Maison des m\u00e9tallos \u00e0 Paris), Victoire Dubruel (Agence Contexts), Bruno Caillet, Philippe Breganski et C\u00e9cile Choblet (Maison forte et Artishoc), Yovan Gilles (Universit\u00e9 du Bien Commun), Julia Passot (blog de la Turbine)\u2026<\/p>\n<p><\/p>\n<p><b>28 et 29 septembre, 4 octobre et 29 novembre 2018 \u00e0 l\u2019invitation de L\u2019ambassade des communs et de Wos\/agence des hypoth\u00e8ses \u00e0 l\u2019Agence Contexts<\/b> \u2013 75020 Paris) en formats ateliers-d\u00e9bats.<\/p>\n<p><\/p>\n<p><b>\u2022 Vendredi 28 septembre vernissage<\/b> <b>\u00e0 partir de 18h30 16h00 -18h30 Atelier- d\u00e9bat<\/b>. Facilitatrices Cristina Bertelli et Claire Dehove Cette soir\u00e9e initiale r\u00e9unit tous.tes les participant.e.s autour de la s\u00e9rie d\u2019HYPOTHESES propos\u00e9es par Claire Dehove et \u00e9labor\u00e9es \u00e0 partir des r\u00e9sum\u00e9s des interventions de chaque nouvel.lle ambassadeur.rice.&nbsp; Avec Elizabeth Magne (Ma\u00eetre de conf\u00e9rence an Arts plastiques), Cristina Bertelli (Les p\u00e9riph\u00e9riques vous parlent), Marie Cornu (directrice de recherche au CNRS), Charlotte Morel (Ambassade des communs), Sylvia Fredriksson (Cit\u00e9 du Design \u00e0 Saint-Etienne), Violaine Hacker (juriste), Eric Letourneau (CNRS et professeur \u00e0 l\u2019UQAM), Camille Olivier (r\u00e9alisatrice), Yovan Gilles (Les p\u00e9riph\u00e9riques vous parlent), Pierre Marsaa (urbaniste), Mari Linnman (Ecole nationale des Beaux-Arts de Dijon), Victoire Dubruel (agence Contexts) et Claire Dehove (agence WOS des hypoth\u00e8ses).&nbsp;<\/p>\n<p><\/p>\n<p><b>\u2022Samedi 28 septembre 18h00 &#8211; 20h <\/b>atelier-d\u00e9bat. 2 Facilitatrices Sylvia Fredriksson et Claire Dehove Elisabeth Magne, Charlotte Morel, Sylvia Fredriksson, Pierre Marsaa, Mari Linnman, Victoire Dubruel et Claire Dehove.&nbsp;<\/p>\n<p><\/p>\n<p>Elisabeth Magne : les arts \u00e0 l\u2019universit\u00e9, le pari d\u2019un mod\u00e8le de vie commune.&nbsp;<\/p>\n<p>Charlotte Morel : design des communs, un design \u00ab ouvert \u00bb.&nbsp;<\/p>\n<p>Sylvia Fredriksson : milieux communs, une approche documentaire.&nbsp;<\/p>\n<p><\/p>\n<p><b>Jeudi 4 octobre 18h00 &#8211; 21h<\/b> Atelier-d\u00e9bat. 3 Facilitatrices Mari Linnman et Claire Dehove Eric L\u00e9tourneau,&nbsp;<\/p>\n<p><\/p>\n<p>Avec Cristina Bertelli, Pierre Marsaa, Victoire Dubruel, Mari Linnman et Claire Dehove.&nbsp;<\/p>\n<p>Eric L\u00e9tourneau : De l\u2019induction \u00e0 la transduction G\u00e9otransgression.<\/p>\n<p>Cristina Bertelli : Utopies \u00e0 r\u00e9aliser ou utopies r\u00e9alis\u00e9es ? Le mus\u00e9e social&nbsp; de Librino en Sicile.&nbsp;<\/p>\n<p><\/p>\n<p><b>Jeudi 29 novembre 18h00 &#8211; 21h<\/b> Atelier-d\u00e9bat. 5 Facilitateur.rice Pierre Marsaa et Claire Dehove Marie Cornu, Gilles Yovan, Pierre Marsaa, Mari Linnman, Victoire Dubruel et Claire Dehove.&nbsp;<\/p>\n<p>&nbsp;Marie Cornu : Quel dialogue possible entre droit d\u2019auteur et communs ?<\/p>\n<p>Yovan Gilles : Vous avez dit commun ? L\u2019autorat entre piraterie et d\u00e9tournement.<\/p>\n<p><\/p>\n<p><b>Le 9 octobre 2018 &#8211; L \u2018Aigle (61)<\/b><\/p>\n<p><b>Conf\u00e9rence de Yovan Gilles sur les biens communs<\/b> \u00e0 l\u2019invitation de l\u2019Universit\u00e9 Inter-\u00e2ges de Normandie au Centre Culturel Les Tanneurs.<\/p>\n<p><\/p>\n<p><b>Le 28 octobre 2018 &#8211; L \u2018Aigle (61)<\/b><\/p>\n<p><b>Festival (sant\u00e9 et environnement)<\/b> Le D\u00e9d\u00e9 fait son cin\u00e9 &#8211; D\u00e9bat participatif<\/p>\n<p>Anim\u00e9 par Yovan Gilles du collectif Les p\u00e9riph\u00e9riques vous parlent en contrepoint de la projection et des sayn\u00e8tes d\u2019Art-sc\u00e8ne. \u00ab La r\u00e9invention des biens communs aujourd\u2019hui \u00bb.<\/p>\n<p><\/p>\n<p><b>Du 13 au 16 d\u00e9cembre 2018 &#8211; Italie<\/b><\/p>\n<p><b>Agora des habitants de la terre \u00e0 V\u00e9rone<\/b><\/p>\n<p>Cette rencontre \u00e0 l\u2019initiative de l\u2019\u00e9conomiste et politologue Riccardo Petrella a r\u00e9uni plus de 300 participants venus de 15 pays. \u00c0 cette occasion Cristina Bertelli en qualit\u00e9 de co-fondatrice et repr\u00e9sentante de l\u2019Universit\u00e9 du Bien Commun \u00e0 Paris, a pr\u00e9sent\u00e9 les propositions pour la cr\u00e9ation d\u2019un Conseil de S\u00e9curit\u00e9 des Biens Communs Publics Mondiaux, fruit des travaux de l\u2019Universit\u00e9 du Bien Commun \u00e0 Paris.<\/p>\n<p><\/p>\n<p><br><\/p>\t\t\t\t\t<\/div>\n\t\t\t\t\t\t<\/div>\n\t\t\t\t<\/div>\n\t\t\t\t<div class=\"elementor-element elementor-element-d49a78c elementor-widget elementor-widget-image\" data-id=\"d49a78c\" data-element_type=\"widget\" data-widget_type=\"image.default\">\n\t\t\t\t<div class=\"elementor-widget-container\">\n\t\t\t\t\t\t\t\t<div class=\"elementor-image\">\n\t\t\t\t\t\t\t\t\t\t\t\t<img width=\"420\" height=\"600\" src=\"https:\/\/www.universitebiencommun.org\/wp-content\/uploads\/2021\/08\/Eau-un-bien-local.jpg\" class=\"attachment-large size-large\" alt=\"\" loading=\"lazy\" srcset=\"https:\/\/www.universitebiencommun.org\/wp-content\/uploads\/2021\/08\/Eau-un-bien-local.jpg 420w, https:\/\/www.universitebiencommun.org\/wp-content\/uploads\/2021\/08\/Eau-un-bien-local-210x300.jpg 210w\" sizes=\"100vw\" \/>\t\t\t\t\t\t\t\t\t\t\t\t\t\t<\/div>\n\t\t\t\t\t\t<\/div>\n\t\t\t\t<\/div>\n\t\t\t\t<div class=\"elementor-element elementor-element-6ee6235 elementor-widget elementor-widget-text-editor\" data-id=\"6ee6235\" data-element_type=\"widget\" data-widget_type=\"text-editor.default\">\n\t\t\t\t<div class=\"elementor-widget-container\">\n\t\t\t\t\t\t\t\t<div class=\"elementor-text-editor elementor-clearfix\">\n\t\t\t\t<p>\u00a0<\/p><p>\u00a0<\/p><p>\u00a0<\/p><p><b>\u00c9mission de radio publique &#8211; Samedi 28 mai 2019 &#8211; Paris<\/b><\/p><p><b>L\u2019eau : un bien commun local et mondial<\/b><\/p><p>Dans le cadre de la semaine du d\u00e9veloppement durable, L\u2019Universit\u00e9 du bien commun, l\u2019association D2L, Fr\u00e9quence Paris Plurielle (106,3 bande FM) et les P\u00e9riph\u00e9riques vous parlent pr\u00e9sentent une \u00e9mission radio publique, premi\u00e8re d\u2019un cycle de plusieurs rencontres sur le th\u00e8me de la \u00ab Ville r\u00eav\u00e9e \u00bb<\/p><p>L\u2019eau, en tant que bien commun vital et naturel, et \u00ab droit insubstituable \u00e0 la vie \u00bb, ne doit plus faire l\u2019objet d\u2019une marchandisation comme c\u2019est le cas aujourd\u2019hui. Jacques Perreux \u00e9voquera la dimension philosophique de l\u2019appropriation citoyenne des enjeux de l\u2019eau ; les difficult\u00e9s et les succ\u00e8s de luttes pour la remunicipalisation des services hydriques, \u00e0 travers notamment son initiative en cours dans le Val de Marne.\u00a0<\/p><p>\u00a0 \u00a0 \u00a0<i> \u00c9mission de radio pr\u00e9sent\u00e9e par Yovan Gilles (Les p\u00e9riph\u00e9riques vous parlent).<\/i><\/p><p>\u00a0<\/p><p><b>\u00c9mission de radio publique &#8211; Jeudi 12 septembre 2019 &#8211; Paris<\/b><\/p><p><b>Enjeux de l\u2019\u00e9cologie urbaine et de la transition \u00e9nerg\u00e9tique<\/b><\/p><p>2e \u00e9mission de radio publique du cycle \u00ab Ville r\u00eav\u00e9e \u00bb sur Fr\u00e9quence Paris Plurielle 106.3 bande FM)\u00a0<\/p><p>Les grandes m\u00e9tropoles comme Paris, n\u2019ont pas d\u2019autre choix aujourd\u2019hui que d\u2019acc\u00e9l\u00e9rer leur mutation afin de pr\u00e9venir les catastrophes sanitaires futures li\u00e9es au r\u00e9chauffement climatique et \u00e0 la pollution.<\/p><p>Avec nos invit\u00e9\u00b7e\u00b7s, seront abord\u00e9s les principaux aspects de cette mutation, au plan de l\u2019\u00e9cologie urbaine (v\u00e9g\u00e9talisation des murs, des toits et de l\u2019espace public, d\u00e9veloppement de l\u2019agro-\u00e9cologie urbaine et des \u00e9co-quartiers, assainissement et gestion durable de l\u2019eau) et au plan de la transition \u00e9nerg\u00e9tique (r\u00e9novation thermique des b\u00e2timents, lutte contre le gaspillage \u00e9nerg\u00e9tique, transports, mobilit\u00e9s douces et partag\u00e9es, alimentation des circuits courts, \u00e9conomie circulaire). <b>Avec C\u00e9lia Blauel<\/b> (Maire-Adjointe de Paris charg\u00e9e de la transition \u00e9cologique, du climat et de l&rsquo;environnement), (France Nature Environnement), <b>C\u00e9dric Pronnier<\/b> ( Les jardins d\u2019H\u00e9rold, Association D\u00e9brouille Compagnie), <b>Christine Nedelec<\/b> (Presidente de France nature environnement Paris), <b>Muriel Martin-Dupray<\/b> (Vice-pr\u00e9sidente de France nature environnement ile de France),<\/p><p>\u00a0 \u00a0 \u00a0<i>\u00c9mission anim\u00e9e par Yovan Gilles (Les p\u00e9riph\u00e9riques vous parlent)\u00a0<\/i><\/p><p>\u00a0<\/p><p><b>Dimanche 2 f\u00e9vrier\u00a0 2020 &#8211; Th\u00e9\u00e2tre Victor Hugo \u00e0 Bagneux Sur Seine (92)<\/b><\/p><p><b>Culture et Biens Communs<\/b><\/p><p>\u00ab La culture populaire est celle qui produit le peuple auquel elle s\u2019adresse et cette culture commence dans l\u2019espace public, dans celui des rencontres, des voisinages, des \u00e9changes de signes de la reconnaissance mutuelle. Sans cette culture-l\u00e0 la circulation des \u0153uvres n\u2019est qu\u2019un leurre.\u00bb Marie Jos\u00e9 Mondzain.<\/p><p>\u00a0<\/p><p>Intervenant-e-s : Lina Do Carmo, chor\u00e9graphe, chercheuse, danse et m\u00e9moire rupestre, Br\u00e9sil ; Th\u00e9\u00e2tre El Duende, Ivry, Un lieu, une troupe, une coop\u00e9rative ; Marie-Do Fr\u00e9val, Cie Bouche \u00e0 Bouche, Paris ; Collectif El Duende, Th\u00e9\u00e2tre, Ivry ; R\u00e9gis H\u00e9bette, Cie Public Ch\u00e9ri, L\u2019Echangeur, Bagnolet ; Marcos Malavia, Cie SourouS, Auteurs en Acte, Th\u00e9\u00e2tre du V\u00e9cu ; Fabrice Nicot, metteur en sc\u00e8ne chercheur, Vaudou ha\u00eftien ; Michel Simonot, dramaturge, sociologue, La langue retourn\u00e9e de la culture ; Philippe Tancelin, po\u00e8te, philosophe, Pr. \u00e9m\u00e9rite Universit\u00e9 Paris 8 ; Nadia Vadori-Gauthier, chor\u00e9graphe, danseuse, chercheuse, Une minute de danse par jour, Le corps collectif ; Anatoli Vlassov, chor\u00e9graphe, danseur, chercheur ; et en cl\u00f4ture, chanson de Saxifrages, groupes de th\u00e9\u00e2tre de femmes de Bagneux.<\/p><p>\u00a0 \u00a0 \u00a0<i>Anim\u00e9 par Muriel Roland (Festival Auteurs en acte) et Yovan Gilles (Les p\u00e9riph\u00e9riques vous parlent\/Universit\u00e9 du Bien Commun \u00e0 Paris).<\/i><\/p><p>\u00a0<\/p><p><b>Samedi 3 juillet \u00e0 Agrocit\u00e9 \u00e0 Bagneux-sur-Seine (92)<\/b>.\u00a0 Yovan Gilles est intervenu sur les biens communs li\u00e9s \u00e0 restauration de la biodiversit\u00e9 et au changement climatique.\u00a0<\/p>\t\t\t\t\t<\/div>\n\t\t\t\t\t\t<\/div>\n\t\t\t\t<\/div>\n\t\t\t\t\t\t<\/div>\n\t\t\t\t\t<\/div>\n\t\t<\/div>\n\t\t\t\t\t\t\t\t<\/div>\n\t\t\t\t\t<\/div>\n\t\t<\/section>\n\t\t\t\t\t\t<\/div>\n\t\t\t\t\t\t<\/div>\n\t\t\t\t\t<\/div>\n\t\t","protected":false},"excerpt":{"rendered":"<p>Autres interventions Outre les sessions publiques qu&rsquo;elle organise l&rsquo;Universit\u00e9 est \u00e9galement invit\u00e9e \u00e0 intervenir \u00ab\u00a0hors les murs\u00a0\u00bb \u00e0 l&rsquo;invitation ou en partenariat avec d&rsquo;autres structures : Festival D\u00e9d\u00e9 fait son cin\u00e9ma, festival Auteurs en acte, Agrocit\u00e9, universit\u00e9 inter-\u00e2ges de Normandie, Attac 92., Rencontres nationales du Tiers-secteur de la recherche, Coop des Communs., \u00e9missions radio publiques &hellip; <\/p>\n<p class=\"link-more\"><a href=\"https:\/\/www.universitebiencommun.org\/?page_id=944\" class=\"more-link\">Continuer la lecture<span class=\"screen-reader-text\"> de &laquo;&nbsp;AUTRES INTERVENTIONS&nbsp;&raquo;<\/span><\/a><\/p>\n","protected":false},"author":1,"featured_media":0,"parent":0,"menu_order":0,"comment_status":"closed","ping_status":"closed","template":"elementor_header_footer","meta":{"_mo_disable_npp":""},"yoast_head":"<!-- This site is optimized with the Yoast SEO plugin v17.7.1 - https:\/\/yoast.com\/wordpress\/plugins\/seo\/ -->\n<title>AUTRES INTERVENTIONS -<\/title>\n<meta name=\"robots\" content=\"index, follow, max-snippet:-1, max-image-preview:large, max-video-preview:-1\" \/>\n<link rel=\"canonical\" href=\"https:\/\/www.universitebiencommun.org\/?page_id=944\" \/>\n<meta property=\"og:locale\" content=\"fr_FR\" \/>\n<meta property=\"og:type\" content=\"article\" \/>\n<meta property=\"og:title\" content=\"AUTRES INTERVENTIONS -\" \/>\n<meta property=\"og:description\" content=\"Autres interventions Outre les sessions publiques qu&rsquo;elle organise l&rsquo;Universit\u00e9 est \u00e9galement invit\u00e9e \u00e0 intervenir \u00ab\u00a0hors les murs\u00a0\u00bb \u00e0 l&rsquo;invitation ou en partenariat avec d&rsquo;autres structures : Festival D\u00e9d\u00e9 fait son cin\u00e9ma, festival Auteurs en acte, Agrocit\u00e9, universit\u00e9 inter-\u00e2ges de Normandie, Attac 92., Rencontres nationales du Tiers-secteur de la recherche, Coop des Communs., \u00e9missions radio publiques &hellip; Continuer la lecture de &laquo;&nbsp;AUTRES INTERVENTIONS&nbsp;&raquo;\" \/>\n<meta property=\"og:url\" content=\"https:\/\/www.universitebiencommun.org\/?page_id=944\" \/>\n<meta property=\"article:modified_time\" content=\"2021-08-06T14:43:05+00:00\" \/>\n<meta property=\"og:image\" content=\"http:\/\/www.universitebiencommun.org\/wp-content\/uploads\/2021\/07\/atac-92.jpg\" \/>\n<meta name=\"twitter:card\" content=\"summary_large_image\" \/>\n<meta name=\"twitter:label1\" content=\"Dur\u00e9e de lecture estim\u00e9e\" \/>\n\t<meta name=\"twitter:data1\" content=\"6 minutes\" \/>\n<script type=\"application\/ld+json\" class=\"yoast-schema-graph\">{\"@context\":\"https:\/\/schema.org\",\"@graph\":[{\"@type\":\"WebSite\",\"@id\":\"https:\/\/www.universitebiencommun.org\/#website\",\"url\":\"https:\/\/www.universitebiencommun.org\/\",\"name\":\"\",\"description\":\"\",\"potentialAction\":[{\"@type\":\"SearchAction\",\"target\":{\"@type\":\"EntryPoint\",\"urlTemplate\":\"https:\/\/www.universitebiencommun.org\/?s={search_term_string}\"},\"query-input\":\"required name=search_term_string\"}],\"inLanguage\":\"fr-FR\"},{\"@type\":\"ImageObject\",\"@id\":\"https:\/\/www.universitebiencommun.org\/?page_id=944#primaryimage\",\"inLanguage\":\"fr-FR\",\"url\":\"http:\/\/www.universitebiencommun.org\/wp-content\/uploads\/2021\/07\/atac-92.jpg\",\"contentUrl\":\"http:\/\/www.universitebiencommun.org\/wp-content\/uploads\/2021\/07\/atac-92.jpg\"},{\"@type\":\"WebPage\",\"@id\":\"https:\/\/www.universitebiencommun.org\/?page_id=944#webpage\",\"url\":\"https:\/\/www.universitebiencommun.org\/?page_id=944\",\"name\":\"AUTRES INTERVENTIONS -\",\"isPartOf\":{\"@id\":\"https:\/\/www.universitebiencommun.org\/#website\"},\"primaryImageOfPage\":{\"@id\":\"https:\/\/www.universitebiencommun.org\/?page_id=944#primaryimage\"},\"datePublished\":\"2021-07-26T10:23:20+00:00\",\"dateModified\":\"2021-08-06T14:43:05+00:00\",\"breadcrumb\":{\"@id\":\"https:\/\/www.universitebiencommun.org\/?page_id=944#breadcrumb\"},\"inLanguage\":\"fr-FR\",\"potentialAction\":[{\"@type\":\"ReadAction\",\"target\":[\"https:\/\/www.universitebiencommun.org\/?page_id=944\"]}]},{\"@type\":\"BreadcrumbList\",\"@id\":\"https:\/\/www.universitebiencommun.org\/?page_id=944#breadcrumb\",\"itemListElement\":[{\"@type\":\"ListItem\",\"position\":1,\"name\":\"Accueil\",\"item\":\"https:\/\/www.universitebiencommun.org\/\"},{\"@type\":\"ListItem\",\"position\":2,\"name\":\"AUTRES INTERVENTIONS\"}]}]}<\/script>\n<!-- \/ Yoast SEO plugin. -->","yoast_head_json":{"title":"AUTRES INTERVENTIONS -","robots":{"index":"index","follow":"follow","max-snippet":"max-snippet:-1","max-image-preview":"max-image-preview:large","max-video-preview":"max-video-preview:-1"},"canonical":"https:\/\/www.universitebiencommun.org\/?page_id=944","og_locale":"fr_FR","og_type":"article","og_title":"AUTRES INTERVENTIONS -","og_description":"Autres interventions Outre les sessions publiques qu&rsquo;elle organise l&rsquo;Universit\u00e9 est \u00e9galement invit\u00e9e \u00e0 intervenir \u00ab\u00a0hors les murs\u00a0\u00bb \u00e0 l&rsquo;invitation ou en partenariat avec d&rsquo;autres structures : Festival D\u00e9d\u00e9 fait son cin\u00e9ma, festival Auteurs en acte, Agrocit\u00e9, universit\u00e9 inter-\u00e2ges de Normandie, Attac 92., Rencontres nationales du Tiers-secteur de la recherche, Coop des Communs., \u00e9missions radio publiques &hellip; Continuer la lecture de &laquo;&nbsp;AUTRES INTERVENTIONS&nbsp;&raquo;","og_url":"https:\/\/www.universitebiencommun.org\/?page_id=944","article_modified_time":"2021-08-06T14:43:05+00:00","og_image":[{"url":"http:\/\/www.universitebiencommun.org\/wp-content\/uploads\/2021\/07\/atac-92.jpg"}],"twitter_card":"summary_large_image","twitter_misc":{"Dur\u00e9e de lecture estim\u00e9e":"6 minutes"},"schema":{"@context":"https:\/\/schema.org","@graph":[{"@type":"WebSite","@id":"https:\/\/www.universitebiencommun.org\/#website","url":"https:\/\/www.universitebiencommun.org\/","name":"","description":"","potentialAction":[{"@type":"SearchAction","target":{"@type":"EntryPoint","urlTemplate":"https:\/\/www.universitebiencommun.org\/?s={search_term_string}"},"query-input":"required name=search_term_string"}],"inLanguage":"fr-FR"},{"@type":"ImageObject","@id":"https:\/\/www.universitebiencommun.org\/?page_id=944#primaryimage","inLanguage":"fr-FR","url":"http:\/\/www.universitebiencommun.org\/wp-content\/uploads\/2021\/07\/atac-92.jpg","contentUrl":"http:\/\/www.universitebiencommun.org\/wp-content\/uploads\/2021\/07\/atac-92.jpg"},{"@type":"WebPage","@id":"https:\/\/www.universitebiencommun.org\/?page_id=944#webpage","url":"https:\/\/www.universitebiencommun.org\/?page_id=944","name":"AUTRES INTERVENTIONS -","isPartOf":{"@id":"https:\/\/www.universitebiencommun.org\/#website"},"primaryImageOfPage":{"@id":"https:\/\/www.universitebiencommun.org\/?page_id=944#primaryimage"},"datePublished":"2021-07-26T10:23:20+00:00","dateModified":"2021-08-06T14:43:05+00:00","breadcrumb":{"@id":"https:\/\/www.universitebiencommun.org\/?page_id=944#breadcrumb"},"inLanguage":"fr-FR","potentialAction":[{"@type":"ReadAction","target":["https:\/\/www.universitebiencommun.org\/?page_id=944"]}]},{"@type":"BreadcrumbList","@id":"https:\/\/www.universitebiencommun.org\/?page_id=944#breadcrumb","itemListElement":[{"@type":"ListItem","position":1,"name":"Accueil","item":"https:\/\/www.universitebiencommun.org\/"},{"@type":"ListItem","position":2,"name":"AUTRES INTERVENTIONS"}]}]}},"_links":{"self":[{"href":"https:\/\/www.universitebiencommun.org\/index.php?rest_route=\/wp\/v2\/pages\/944"}],"collection":[{"href":"https:\/\/www.universitebiencommun.org\/index.php?rest_route=\/wp\/v2\/pages"}],"about":[{"href":"https:\/\/www.universitebiencommun.org\/index.php?rest_route=\/wp\/v2\/types\/page"}],"author":[{"embeddable":true,"href":"https:\/\/www.universitebiencommun.org\/index.php?rest_route=\/wp\/v2\/users\/1"}],"replies":[{"embeddable":true,"href":"https:\/\/www.universitebiencommun.org\/index.php?rest_route=%2Fwp%2Fv2%2Fcomments&post=944"}],"version-history":[{"count":11,"href":"https:\/\/www.universitebiencommun.org\/index.php?rest_route=\/wp\/v2\/pages\/944\/revisions"}],"predecessor-version":[{"id":1466,"href":"https:\/\/www.universitebiencommun.org\/index.php?rest_route=\/wp\/v2\/pages\/944\/revisions\/1466"}],"wp:attachment":[{"href":"https:\/\/www.universitebiencommun.org\/index.php?rest_route=%2Fwp%2Fv2%2Fmedia&parent=944"}],"curies":[{"name":"wp","href":"https:\/\/api.w.org\/{rel}","templated":true}]}}